
{"id":9967,"date":"2025-04-15T07:39:45","date_gmt":"2025-04-15T07:39:45","guid":{"rendered":"https:\/\/ms-gastro.srv.vocento.in\/gsr2025\/trajectoria\/"},"modified":"2025-07-02T10:04:08","modified_gmt":"2025-07-02T10:04:08","slug":"background","status":"publish","type":"page","link":"https:\/\/www.grupgsr.com\/en\/background\/","title":{"rendered":"Background"},"content":{"rendered":"[vc_row type=&#8221;in_container&#8221; full_screen_row_position=&#8221;middle&#8221; column_margin=&#8221;default&#8221; scene_position=&#8221;center&#8221; text_color=&#8221;dark&#8221; text_align=&#8221;center&#8221; top_padding=&#8221;5%&#8221; overlay_strength=&#8221;0.3&#8243; shape_divider_position=&#8221;bottom&#8221; bg_image_animation=&#8221;none&#8221; shape_type=&#8221;&#8221;][vc_column column_padding=&#8221;no-extra-padding&#8221; column_padding_position=&#8221;all&#8221; background_color_opacity=&#8221;1&#8243; background_hover_color_opacity=&#8221;1&#8243; column_link_target=&#8221;_self&#8221; column_shadow=&#8221;none&#8221; column_border_radius=&#8221;none&#8221; width=&#8221;1\/1&#8243; tablet_width_inherit=&#8221;default&#8221; tablet_text_alignment=&#8221;default&#8221; phone_text_alignment=&#8221;default&#8221; overlay_strength=&#8221;0.3&#8243; column_border_width=&#8221;none&#8221; column_border_style=&#8221;solid&#8221; bg_image_animation=&#8221;none&#8221;][vc_column_text]\n<h2>More than 30 years at the forefront of production and communication in the gastronomy sector<\/h2>\n[\/vc_column_text][\/vc_column][\/vc_row][vc_row type=&#8221;full_width_background&#8221; full_screen_row_position=&#8221;middle&#8221; equal_height=&#8221;yes&#8221; content_placement=&#8221;middle&#8221; column_margin=&#8221;default&#8221; scene_position=&#8221;center&#8221; text_color=&#8221;dark&#8221; text_align=&#8221;left&#8221; top_padding=&#8221;1%&#8221; bottom_padding=&#8221;7%&#8221; overlay_strength=&#8221;0.3&#8243; shape_divider_position=&#8221;bottom&#8221; bg_image_animation=&#8221;none&#8221;][vc_column column_padding=&#8221;padding-6-percent&#8221; column_padding_position=&#8221;left&#8221; background_color_opacity=&#8221;1&#8243; background_hover_color_opacity=&#8221;1&#8243; column_link_target=&#8221;_self&#8221; column_shadow=&#8221;none&#8221; column_border_radius=&#8221;none&#8221; width=&#8221;1\/1&#8243; tablet_width_inherit=&#8221;default&#8221; tablet_text_alignment=&#8221;default&#8221; phone_text_alignment=&#8221;default&#8221; overlay_strength=&#8221;0.3&#8243; column_border_width=&#8221;none&#8221; column_border_style=&#8221;solid&#8221; bg_image_animation=&#8221;none&#8221;][vc_column_text]\n<p style=\"text-align: left;\">grup gsr was founded in 1994 by Roser Torras with the aim of transforming gastronomy, oenology, hotels and catering into unique, high-quality experiences. Since its inception, the company has established itself as a benchmark in the organisation and promotion of gastronomic events, both nationally and internationally. In more than 30 years, we have created some of the most emblematic events in the sector, such as San Sebasti\u00e1n Gastronomika, Tast a la Rambla or The Horeca Hub, among others.<\/p>\n<p>&nbsp;<\/p>\n<p style=\"text-align: left;\">Our passion for gastronomy has led us to become part of a community of chefs, restaurants, brands and institutions that share our commitment to excellence and innovation. Over the years, we have created memorable experiences and worked closely with some of the most prominent figures in the national and international gastronomy scene.<\/p>\n<p>&nbsp;<\/p>\n<p style=\"text-align: left;\">In 2018, grup gsr took an important step by becoming part of the gastronomy division of the Vocento Group, with whom we share a common vision on the importance of gastronomy and communication. A valuable opportunity to continue to grow, strengthen our capabilities and offer a more complete service to our clients, while maintaining our essence and commitment to quality, which has characterised us from the beginning.<\/p>\n<p>&nbsp;<\/p>\n<p style=\"text-align: left;\">In the spring of 2024, Roser Torras decided to step down and leave the management of grup gsr, passing the baton to her close collaborator, Jordi Parra, who has taken the helm with the same passion, dedication and energy to continue offering innovative, personalised and high-impact gastronomy.<\/p>\n<p>&nbsp;<\/p>\n<p style=\"text-align: left;\">And today, with over 30 years of experience, we remain a benchmark in the world of gastronomic events, always looking to the future and creating experiences that connect gastronomy with people.<\/p>\n[\/vc_column_text][vc_row_inner content_placement=&#8221;middle&#8221; column_margin=&#8221;default&#8221; top_padding=&#8221;5%&#8221; text_align=&#8221;center&#8221;][vc_column_inner column_padding=&#8221;no-extra-padding&#8221; column_padding_position=&#8221;all&#8221; background_color_opacity=&#8221;1&#8243; background_hover_color_opacity=&#8221;1&#8243; column_shadow=&#8221;none&#8221; column_border_radius=&#8221;none&#8221; column_link_target=&#8221;_self&#8221; width=&#8221;1\/1&#8243; tablet_width_inherit=&#8221;default&#8221; overlay_strength=&#8221;0.3&#8243; column_border_width=&#8221;none&#8221; column_border_style=&#8221;solid&#8221; bg_image_animation=&#8221;none&#8221;][image_with_animation image_url=&#8221;10458&#8243; alignment=&#8221;center&#8221; animation=&#8221;Fade In&#8221; hover_animation=&#8221;none&#8221; border_radius=&#8221;none&#8221; box_shadow=&#8221;none&#8221; image_loading=&#8221;default&#8221; max_width=&#8221;75%&#8221; max_width_mobile=&#8221;110%&#8221;][\/vc_column_inner][\/vc_row_inner][\/vc_column][\/vc_row][vc_column column_padding=&#8221;no-extra-padding&#8221; column_padding_position=&#8221;all&#8221; background_color_opacity=&#8221;1&#8243; background_hover_color_opacity=&#8221;1&#8243; column_link_target=&#8221;_self&#8221; column_shadow=&#8221;none&#8221; column_border_radius=&#8221;none&#8221; width=&#8221;1\/1&#8243; tablet_width_inherit=&#8221;default&#8221; tablet_text_alignment=&#8221;default&#8221; phone_text_alignment=&#8221;default&#8221; overlay_strength=&#8221;0.3&#8243; column_border_width=&#8221;none&#8221; column_border_style=&#8221;solid&#8221; bg_image_animation=&#8221;none&#8221; enable_animation=&#8221;true&#8221; animation=&#8221;fade-in-from-bottom&#8221;][\/vc_column]\n","protected":false},"excerpt":{"rendered":"<p>[vc_row type=&#8221;in_container&#8221; full_screen_row_position=&#8221;middle&#8221; column_margin=&#8221;default&#8221; scene_position=&#8221;center&#8221; text_color=&#8221;dark&#8221; text_align=&#8221;center&#8221; top_padding=&#8221;5%&#8221; overlay_strength=&#8221;0.3&#8243; shape_divider_position=&#8221;bottom&#8221; bg_image_animation=&#8221;none&#8221; shape_type=&#8221;&#8221;][vc_column column_padding=&#8221;no-extra-padding&#8221; column_padding_position=&#8221;all&#8221; background_color_opacity=&#8221;1&#8243; background_hover_color_opacity=&#8221;1&#8243; column_link_target=&#8221;_self&#8221; column_shadow=&#8221;none&#8221; column_border_radius=&#8221;none&#8221; width=&#8221;1\/1&#8243; tablet_width_inherit=&#8221;default&#8221; tablet_text_alignment=&#8221;default&#8221; phone_text_alignment=&#8221;default&#8221; overlay_strength=&#8221;0.3&#8243; column_border_width=&#8221;none&#8221; column_border_style=&#8221;solid&#8221; bg_image_animation=&#8221;none&#8221;][vc_column_text] More than 30&#8230;<\/p>\n","protected":false},"author":6343,"featured_media":0,"parent":0,"menu_order":0,"comment_status":"closed","ping_status":"closed","template":"","meta":[],"yoast_head":"<!-- This site is optimized with the Yoast SEO plugin v19.0 - https:\/\/yoast.com\/wordpress\/plugins\/seo\/ -->\n<title>Background - GSR 2026<\/title>\n<meta name=\"robots\" content=\"index, follow, max-snippet:-1, max-image-preview:large, max-video-preview:-1\" \/>\n<link rel=\"canonical\" href=\"https:\/\/www.grupgsr.com2025\/en\/background\/\" \/>\n<meta property=\"og:locale\" content=\"en_US\" \/>\n<meta property=\"og:type\" content=\"article\" \/>\n<meta property=\"og:title\" content=\"Background - GSR 2026\" \/>\n<meta property=\"og:description\" content=\"[vc_row type=&#8221;in_container&#8221; full_screen_row_position=&#8221;middle&#8221; column_margin=&#8221;default&#8221; scene_position=&#8221;center&#8221; text_color=&#8221;dark&#8221; text_align=&#8221;center&#8221; top_padding=&#8221;5%&#8221; overlay_strength=&#8221;0.3&#8243; shape_divider_position=&#8221;bottom&#8221; bg_image_animation=&#8221;none&#8221; shape_type=&#8221;&#8221;][vc_column column_padding=&#8221;no-extra-padding&#8221; column_padding_position=&#8221;all&#8221; background_color_opacity=&#8221;1&#8243; background_hover_color_opacity=&#8221;1&#8243; column_link_target=&#8221;_self&#8221; column_shadow=&#8221;none&#8221; column_border_radius=&#8221;none&#8221; width=&#8221;1\/1&#8243; tablet_width_inherit=&#8221;default&#8221; tablet_text_alignment=&#8221;default&#8221; phone_text_alignment=&#8221;default&#8221; overlay_strength=&#8221;0.3&#8243; column_border_width=&#8221;none&#8221; column_border_style=&#8221;solid&#8221; bg_image_animation=&#8221;none&#8221;][vc_column_text] More than 30...\" \/>\n<meta property=\"og:url\" content=\"https:\/\/www.grupgsr.com2025\/en\/background\/\" \/>\n<meta property=\"og:site_name\" content=\"GSR 2026\" \/>\n<meta property=\"article:modified_time\" content=\"2025-07-02T10:04:08+00:00\" \/>\n<meta name=\"twitter:card\" content=\"summary_large_image\" \/>\n<meta name=\"twitter:label1\" content=\"Est. reading time\" \/>\n\t<meta name=\"twitter:data1\" content=\"2 minutes\" \/>\n<script type=\"application\/ld+json\" class=\"yoast-schema-graph\">{\"@context\":\"https:\/\/schema.org\",\"@graph\":[{\"@type\":\"WebSite\",\"@id\":\"https:\/\/www.grupgsr.com\/#website\",\"url\":\"https:\/\/www.grupgsr.com\/\",\"name\":\"GSR 2026\",\"description\":\"Empresa de organizaci\u00f3n, promoci\u00f3n y comunicaci\u00f3n de la alimentaci\u00f3n, la hosteler\u00eda, la restauraci\u00f3n, la gastronom\u00eda y la enolog\u00eda.\",\"potentialAction\":[{\"@type\":\"SearchAction\",\"target\":{\"@type\":\"EntryPoint\",\"urlTemplate\":\"https:\/\/www.grupgsr.com\/?s={search_term_string}\"},\"query-input\":\"required name=search_term_string\"}],\"inLanguage\":\"en-US\"},{\"@type\":\"WebPage\",\"@id\":\"https:\/\/ms-gastro.srv.vocento.in\/gsr2025\/en\/background\/#webpage\",\"url\":\"https:\/\/ms-gastro.srv.vocento.in\/gsr2025\/en\/background\/\",\"name\":\"Background - GSR 2026\",\"isPartOf\":{\"@id\":\"https:\/\/www.grupgsr.com\/#website\"},\"datePublished\":\"2025-04-15T07:39:45+00:00\",\"dateModified\":\"2025-07-02T10:04:08+00:00\",\"breadcrumb\":{\"@id\":\"https:\/\/ms-gastro.srv.vocento.in\/gsr2025\/en\/background\/#breadcrumb\"},\"inLanguage\":\"en-US\",\"potentialAction\":[{\"@type\":\"ReadAction\",\"target\":[\"https:\/\/ms-gastro.srv.vocento.in\/gsr2025\/en\/background\/\"]}]},{\"@type\":\"BreadcrumbList\",\"@id\":\"https:\/\/ms-gastro.srv.vocento.in\/gsr2025\/en\/background\/#breadcrumb\",\"itemListElement\":[{\"@type\":\"ListItem\",\"position\":1,\"name\":\"Home\",\"item\":\"https:\/\/ms-gastro.srv.vocento.in\/gsr2025\/en\/\"},{\"@type\":\"ListItem\",\"position\":2,\"name\":\"Background\"}]}]}<\/script>\n<!-- \/ Yoast SEO plugin. -->","yoast_head_json":{"title":"Background - GSR 2026","robots":{"index":"index","follow":"follow","max-snippet":"max-snippet:-1","max-image-preview":"max-image-preview:large","max-video-preview":"max-video-preview:-1"},"canonical":"https:\/\/www.grupgsr.com2025\/en\/background\/","og_locale":"en_US","og_type":"article","og_title":"Background - GSR 2026","og_description":"[vc_row type=&#8221;in_container&#8221; full_screen_row_position=&#8221;middle&#8221; column_margin=&#8221;default&#8221; scene_position=&#8221;center&#8221; text_color=&#8221;dark&#8221; text_align=&#8221;center&#8221; top_padding=&#8221;5%&#8221; overlay_strength=&#8221;0.3&#8243; shape_divider_position=&#8221;bottom&#8221; bg_image_animation=&#8221;none&#8221; shape_type=&#8221;&#8221;][vc_column column_padding=&#8221;no-extra-padding&#8221; column_padding_position=&#8221;all&#8221; background_color_opacity=&#8221;1&#8243; background_hover_color_opacity=&#8221;1&#8243; column_link_target=&#8221;_self&#8221; column_shadow=&#8221;none&#8221; column_border_radius=&#8221;none&#8221; width=&#8221;1\/1&#8243; tablet_width_inherit=&#8221;default&#8221; tablet_text_alignment=&#8221;default&#8221; phone_text_alignment=&#8221;default&#8221; overlay_strength=&#8221;0.3&#8243; column_border_width=&#8221;none&#8221; column_border_style=&#8221;solid&#8221; bg_image_animation=&#8221;none&#8221;][vc_column_text] More than 30...","og_url":"https:\/\/www.grupgsr.com2025\/en\/background\/","og_site_name":"GSR 2026","article_modified_time":"2025-07-02T10:04:08+00:00","twitter_card":"summary_large_image","twitter_misc":{"Est. reading time":"2 minutes"},"schema":{"@context":"https:\/\/schema.org","@graph":[{"@type":"WebSite","@id":"https:\/\/www.grupgsr.com\/#website","url":"https:\/\/www.grupgsr.com\/","name":"GSR 2026","description":"Empresa de organizaci\u00f3n, promoci\u00f3n y comunicaci\u00f3n de la alimentaci\u00f3n, la hosteler\u00eda, la restauraci\u00f3n, la gastronom\u00eda y la enolog\u00eda.","potentialAction":[{"@type":"SearchAction","target":{"@type":"EntryPoint","urlTemplate":"https:\/\/www.grupgsr.com\/?s={search_term_string}"},"query-input":"required name=search_term_string"}],"inLanguage":"en-US"},{"@type":"WebPage","@id":"https:\/\/ms-gastro.srv.vocento.in\/gsr2025\/en\/background\/#webpage","url":"https:\/\/ms-gastro.srv.vocento.in\/gsr2025\/en\/background\/","name":"Background - GSR 2026","isPartOf":{"@id":"https:\/\/www.grupgsr.com\/#website"},"datePublished":"2025-04-15T07:39:45+00:00","dateModified":"2025-07-02T10:04:08+00:00","breadcrumb":{"@id":"https:\/\/ms-gastro.srv.vocento.in\/gsr2025\/en\/background\/#breadcrumb"},"inLanguage":"en-US","potentialAction":[{"@type":"ReadAction","target":["https:\/\/ms-gastro.srv.vocento.in\/gsr2025\/en\/background\/"]}]},{"@type":"BreadcrumbList","@id":"https:\/\/ms-gastro.srv.vocento.in\/gsr2025\/en\/background\/#breadcrumb","itemListElement":[{"@type":"ListItem","position":1,"name":"Home","item":"https:\/\/ms-gastro.srv.vocento.in\/gsr2025\/en\/"},{"@type":"ListItem","position":2,"name":"Background"}]}]}},"_links":{"self":[{"href":"https:\/\/www.grupgsr.com\/en\/wp-json\/wp\/v2\/pages\/9967"}],"collection":[{"href":"https:\/\/www.grupgsr.com\/en\/wp-json\/wp\/v2\/pages"}],"about":[{"href":"https:\/\/www.grupgsr.com\/en\/wp-json\/wp\/v2\/types\/page"}],"author":[{"embeddable":true,"href":"https:\/\/www.grupgsr.com\/en\/wp-json\/wp\/v2\/users\/6343"}],"replies":[{"embeddable":true,"href":"https:\/\/www.grupgsr.com\/en\/wp-json\/wp\/v2\/comments?post=9967"}],"version-history":[{"count":4,"href":"https:\/\/www.grupgsr.com\/en\/wp-json\/wp\/v2\/pages\/9967\/revisions"}],"predecessor-version":[{"id":10461,"href":"https:\/\/www.grupgsr.com\/en\/wp-json\/wp\/v2\/pages\/9967\/revisions\/10461"}],"wp:attachment":[{"href":"https:\/\/www.grupgsr.com\/en\/wp-json\/wp\/v2\/media?parent=9967"}],"curies":[{"name":"wp","href":"https:\/\/api.w.org\/{rel}","templated":true}]}}