
{"id":7046,"date":"2017-07-19T09:31:53","date_gmt":"2017-07-19T09:31:53","guid":{"rendered":"http:\/\/www.grupgsr.com\/politica-de-privacidad\/"},"modified":"2017-08-07T09:54:15","modified_gmt":"2017-08-07T09:54:15","slug":"politica-de-privacidad","status":"publish","type":"page","link":"https:\/\/www.grupgsr.com\/en\/politica-de-privacidad\/","title":{"rendered":"Pol\u00edtica de privacidad"},"content":{"rendered":"<p>&nbsp;<\/p>\n<p>Produccions de Gastronomia SL. (en adelante GRUP GSR) a trav\u00e9s de su p\u00e1gina web www.grupgsr.com o cualquier otro dominio o subdominio vinculado a \u00e9sta, y de su titularidad, puede solicitar al Usuario ciertos datos de car\u00e1cter personal a trav\u00e9s de formularios.<\/p>\n<p>Protecci\u00f3n de datos de car\u00e1cter personal<\/p>\n<p>De acuerdo con la Ley Org\u00e1nica 15\/1999, de 13 de diciembre, de Protecci\u00f3n de Datos de Car\u00e1cter Personal, le informamos que los datos de car\u00e1cter personal recogidos de los usuarios son almacenados en una base de datos propiedad de Produccions de Gastronomia SL. (CIF B62537774) inscrita en el Registro General de la Agencia Espa\u00f1ola de Protecci\u00f3n de Datos bajo el nombre FORMULARIOS WEB &#8211; COMUNICACIONES.<\/p>\n<p>Los datos suministrados por el usuario son guardados autom\u00e1ticamente en un archivo seguro y de acceso restringido. GRUP GSR se compromete al cumplimiento de su obligaci\u00f3n de secreto de los datos de car\u00e1cter personal y de su deber de guardarlos y adoptar todas las medidas necesarias para evitar su alteraci\u00f3n, p\u00e9rdida, tratamiento o uso no autorizado.<\/p>\n<p>Para garantizar una buena gesti\u00f3n, GRUP GSR puede encontrarse obligado a facilitar determinados datos de sus usuarios (nombre, direcci\u00f3n, tel\u00e9fono, correo electr\u00f3nico, etc.) a otras empresas u organizaciones colaboradoras. En todos los casos los datos que se facilitan son los estrictamente necesarios para la actividad concreta que se vaya a realizar. Usted autoriza expresamente la cesi\u00f3n de sus datos de car\u00e1cter personal para este fin si fuera necesario para la correcta gesti\u00f3n interna.<\/p>\n<p>Los usuarios de GRUP GSR, podr\u00e1n en todo momento ejercitar los derechos de acceso, rectificaci\u00f3n, cancelaci\u00f3n y oposici\u00f3n, comunic\u00e1ndolo por escrito a trav\u00e9s de nuestro correo electr\u00f3nico contabilidad@grupgsr.com<\/p>\n<p>Recogida de datos a trav\u00e9s de un formulario<\/p>\n<p>Los datos que solicitamos a trav\u00e9s de nuestros formularios tendr\u00e1n el tratamiento y finalidad para el cual se recaban.<\/p>\n<p>De acuerdo con la Ley Org\u00e1nica 15\/1999, de 13 de diciembre, de Protecci\u00f3n de Datos de Car\u00e1cter Personal, le informamos que los datos de car\u00e1cter personal que nos facilita de forma voluntaria se utilizar\u00e1n para gestionar la petici\u00f3n efectuada a trav\u00e9s del formulario de la p\u00e1gina web www.grupgsr.com .<\/p>\n<p>El usuario podr\u00e1 en todo momento acceder, rectificar, cancelar total o parcialmente sus datos ante el Responsable del Fichero.<\/p>\n<p>Para ejercer los derechos de acceso, rectificaci\u00f3n, cancelaci\u00f3n y oposici\u00f3n deber\u00e1 remitir una comunicaci\u00f3n escrita, desde la cuenta de correo electr\u00f3nico que us\u00f3 a la hora de rellenar el formulario de contacto, a contabilidad@grupgsr.com especificando en el asunto &#8220;baja&#8221;.<\/p>\n<p>Al cumplimentar uno de nuestros formularios y aceptar nuestra pol\u00edtica de datos personales, aceptas y autorizas a GRUP GSR a utilizar y tratar los datos suministrados de acuerdo con la finalidad establecida en el formulario, y que podr\u00e1n ser:<br \/>\n\u2022 Facilitar la informaci\u00f3n solicitada a trav\u00e9s de este sitio web.<br \/>\n\u2022 Permitir el env\u00edo de comunicaciones comerciales o informativas a trav\u00e9s de tu email.<br \/>\n\u2022 Gestionar dudas y consultas en caso de env\u00edo de email para dicha finalidad<\/p>\n<p>Aceptaci\u00f3n de la Cl\u00e1usula informativa formulario recogida de datos<\/p>\n<p>Antes de enviar el formulario cumplimentado se le requerir\u00e1 la aceptaci\u00f3n de la cl\u00e1usula informativa que a continuaci\u00f3n se reproduce.<\/p>\n<p>\u201cEn cumplimiento con lo establecido en la Ley Org\u00e1nica 15\/1999, de 13 de diciembre, de Protecci\u00f3n de Datos de Car\u00e1cter Personal, le informamos de que sus datos personales ser\u00e1n tratados y quedar\u00e1n incorporados en un fichero responsabilidad de Produccions de Gastronomia SL (GRUP GSR), registrado en la Agencia Espa\u00f1ola de Protecci\u00f3n de Datos bajo el nombre FORMULARIOS WEB &#8211; COMUNICACIONES, con la finalidad de gestionar la petici\u00f3n efectuada a trav\u00e9s del formulario web de www.grupgsr.com y el env\u00edo de comunicaciones informativas o comerciales para ofrecer informaci\u00f3n de su inter\u00e9s.<\/p>\n<p>El usuario puede negarse libremente a recibir comunicaciones informativas o comerciales marcando la casilla correspondiente que encontrar\u00e1 en el formulario o d\u00e1ndose de baja de forma autom\u00e1tica de las comunicaciones que no sean de su inter\u00e9s.<\/p>\n<p>Para ejercer los derechos de acceso, rectificaci\u00f3n, cancelaci\u00f3n y oposici\u00f3n deber\u00e1 remitir una comunicaci\u00f3n escrita, desde la cuenta de correo electr\u00f3nico que us\u00f3 a la hora de rellenar el formulario, a contabilidad@grupgsr.com.<\/p>\n<p>Le rogamos que, en el supuesto de producirse alguna modificaci\u00f3n en sus datos de car\u00e1cter personal, nos lo comunique a fin de poder mantenerlos actualizados.<\/p>\n<p>Env\u00edo de comunicaciones informativas y comerciales en formato electr\u00f3nico<\/p>\n<p>El tratamiento de los datos de car\u00e1cter personal, as\u00ed como el env\u00edo de comunicaciones informativas y comerciales realizadas por medios electr\u00f3nicos, son conformes a la Ley Org\u00e1nica 15\/ 1999, de 13 de diciembre, de Protecci\u00f3n de Datos de Car\u00e1cter Personal y la Ley 34\/ 2002, de 11 de julio, de servicios de la Sociedad de Informaci\u00f3n y de Comercio Electr\u00f3nico.<\/p>\n<p>GRUP GSR podr\u00e1 remitir al usuario comunicaciones informativas o comerciales por medios electr\u00f3nicos a trav\u00e9s de la cuenta de correo que nos ha facilitado, as\u00ed como informaci\u00f3n relativa a su sector de actividad y que pueda considerar de su inter\u00e9s.<\/p>\n<p>El usuario puede negarse libremente a que los tratamientos contenidos en esta cl\u00e1usula se lleven a cabo, marcando la casilla correspondiente que encontrar\u00e1 en el formulario o d\u00e1ndose de baja de forma autom\u00e1tica de las comunicaciones que no sean de su inter\u00e9s.<\/p>\n<p>Comunicaciones de datos efectuadas por el propio Usuario<\/p>\n<p>Antes de facilitar datos personales relativos a terceras personas, el Usuario deber\u00e1 obtener su previo y expreso consentimiento, habiendo informado de los t\u00e9rminos contenidos en esta Pol\u00edtica de privacidad. El Usuario se obliga a mantener indemne a GRUP GSR ante cualquier posible reclamaci\u00f3n, multa o sanci\u00f3n que pueda venir obligada a soportar como consecuencia del incumplimiento por parte del Usuario del deber descrito en este p\u00e1rrafo.<\/p>\n<p>Uso de Cookies<\/p>\n<p>En cumplimiento al art. 22.2 LSSICE informa de la utilizaci\u00f3n de las cookies en el sitio web www.grupgsr.com<\/p>\n<p>GRUP GSR, por su propia cuenta o la de un tercero contratado para la prestaci\u00f3n de servicios de medici\u00f3n, pueden utilizar cookies cuando el Usuario navega por el sitio web. Las cookies son ficheros enviados al navegador por medio de un servidor web con la finalidad de registrar las actividades del Usuario durante su tiempo de navegaci\u00f3n.<\/p>\n<p>Las cookies utilizadas por el sitio web se asocian \u00fanicamente con un usuario an\u00f3nimo y su ordenador, por lo que no proporcionan por s\u00ed mismas datos personales del Usuario.<\/p>\n<p>Mediante el uso de las cookies es posible que el servidor donde se encuentra alojado el sitio web reconozca el navegador web utilizado por el Usuario, con la finalidad de que la navegaci\u00f3n sea m\u00e1s sencilla, permitiendo, por ejemplo, el acceso a los usuarios que se hayan registrado previamente, acceder a las \u00e1reas, servicios, promociones o concursos reservados exclusivamente a ellos sin tener que registrarse en cada visita. Se utilizan tambi\u00e9n para medir la audiencia y par\u00e1metros del tr\u00e1fico, as\u00ed como para controlar el progreso y n\u00famero de entradas.<\/p>\n<p>El Usuario tiene la posibilidad de configurar su navegador para ser avisado de la recepci\u00f3n de cookies y para impedir su instalaci\u00f3n en su equipo. Por favor, consulte las instrucciones y manuales de su navegador para ampliar esta informaci\u00f3n.<\/p>\n<p>Para utilizar el Sitio Web no resulta necesario que el Usuario permita la instalaci\u00f3n de las cookies enviadas por el sitio web, o el tercero que act\u00fae en nombre de GRUP GSR.<\/p>\n<p>GRUP GSR no utiliza t\u00e9cnicas de &#8220;spamming&#8221; y \u00fanicamente tratar\u00e1 los datos que el usuario transmita mediante los formularios electr\u00f3nicos habilitados en este sitio web o mensajes de correo electr\u00f3nico.<\/p>\n<p>&nbsp;<\/p>\n","protected":false},"excerpt":{"rendered":"<p>&nbsp; Produccions de Gastronomia SL. (en adelante GRUP GSR) a trav\u00e9s de su p\u00e1gina web www.grupgsr.com o cualquier otro dominio o subdominio vinculado a \u00e9sta, y de su titularidad, puede&#8230;<\/p>\n","protected":false},"author":1,"featured_media":0,"parent":0,"menu_order":0,"comment_status":"closed","ping_status":"closed","template":"","meta":[],"yoast_head":"<!-- This site is optimized with the Yoast SEO plugin v19.0 - https:\/\/yoast.com\/wordpress\/plugins\/seo\/ -->\n<title>Pol\u00edtica de privacidad - GSR 2026<\/title>\n<meta name=\"robots\" content=\"index, follow, max-snippet:-1, max-image-preview:large, max-video-preview:-1\" \/>\n<link rel=\"canonical\" href=\"http:\/\/www.grupgsr.com\/en\/politica-de-privacidad\/\" \/>\n<meta property=\"og:locale\" content=\"en_US\" \/>\n<meta property=\"og:type\" content=\"article\" \/>\n<meta property=\"og:title\" content=\"Pol\u00edtica de privacidad - GSR 2026\" \/>\n<meta property=\"og:description\" content=\"&nbsp; Produccions de Gastronomia SL. (en adelante GRUP GSR) a trav\u00e9s de su p\u00e1gina web www.grupgsr.com o cualquier otro dominio o subdominio vinculado a \u00e9sta, y de su titularidad, puede...\" \/>\n<meta property=\"og:url\" content=\"http:\/\/www.grupgsr.com\/en\/politica-de-privacidad\/\" \/>\n<meta property=\"og:site_name\" content=\"GSR 2026\" \/>\n<meta property=\"article:modified_time\" content=\"2017-08-07T09:54:15+00:00\" \/>\n<meta name=\"twitter:card\" content=\"summary_large_image\" \/>\n<meta name=\"twitter:label1\" content=\"Est. reading time\" \/>\n\t<meta name=\"twitter:data1\" content=\"7 minutes\" \/>\n<script type=\"application\/ld+json\" class=\"yoast-schema-graph\">{\"@context\":\"https:\/\/schema.org\",\"@graph\":[{\"@type\":\"WebSite\",\"@id\":\"https:\/\/www.grupgsr.com\/#website\",\"url\":\"https:\/\/www.grupgsr.com\/\",\"name\":\"GSR 2026\",\"description\":\"Empresa de organizaci\u00f3n, promoci\u00f3n y comunicaci\u00f3n de la alimentaci\u00f3n, la hosteler\u00eda, la restauraci\u00f3n, la gastronom\u00eda y la enolog\u00eda.\",\"potentialAction\":[{\"@type\":\"SearchAction\",\"target\":{\"@type\":\"EntryPoint\",\"urlTemplate\":\"https:\/\/www.grupgsr.com\/?s={search_term_string}\"},\"query-input\":\"required name=search_term_string\"}],\"inLanguage\":\"en-US\"},{\"@type\":\"WebPage\",\"@id\":\"http:\/\/www.grupgsr.com\/en\/politica-de-privacidad\/#webpage\",\"url\":\"http:\/\/www.grupgsr.com\/en\/politica-de-privacidad\/\",\"name\":\"Pol\u00edtica de privacidad - GSR 2026\",\"isPartOf\":{\"@id\":\"https:\/\/www.grupgsr.com\/#website\"},\"datePublished\":\"2017-07-19T09:31:53+00:00\",\"dateModified\":\"2017-08-07T09:54:15+00:00\",\"breadcrumb\":{\"@id\":\"http:\/\/www.grupgsr.com\/en\/politica-de-privacidad\/#breadcrumb\"},\"inLanguage\":\"en-US\",\"potentialAction\":[{\"@type\":\"ReadAction\",\"target\":[\"http:\/\/www.grupgsr.com\/en\/politica-de-privacidad\/\"]}]},{\"@type\":\"BreadcrumbList\",\"@id\":\"http:\/\/www.grupgsr.com\/en\/politica-de-privacidad\/#breadcrumb\",\"itemListElement\":[{\"@type\":\"ListItem\",\"position\":1,\"name\":\"Home\",\"item\":\"https:\/\/ms-gastro.srv.vocento.in\/gsr2025\/en\/\"},{\"@type\":\"ListItem\",\"position\":2,\"name\":\"Pol\u00edtica de privacidad\"}]}]}<\/script>\n<!-- \/ Yoast SEO plugin. -->","yoast_head_json":{"title":"Pol\u00edtica de privacidad - GSR 2026","robots":{"index":"index","follow":"follow","max-snippet":"max-snippet:-1","max-image-preview":"max-image-preview:large","max-video-preview":"max-video-preview:-1"},"canonical":"http:\/\/www.grupgsr.com\/en\/politica-de-privacidad\/","og_locale":"en_US","og_type":"article","og_title":"Pol\u00edtica de privacidad - GSR 2026","og_description":"&nbsp; Produccions de Gastronomia SL. (en adelante GRUP GSR) a trav\u00e9s de su p\u00e1gina web www.grupgsr.com o cualquier otro dominio o subdominio vinculado a \u00e9sta, y de su titularidad, puede...","og_url":"http:\/\/www.grupgsr.com\/en\/politica-de-privacidad\/","og_site_name":"GSR 2026","article_modified_time":"2017-08-07T09:54:15+00:00","twitter_card":"summary_large_image","twitter_misc":{"Est. reading time":"7 minutes"},"schema":{"@context":"https:\/\/schema.org","@graph":[{"@type":"WebSite","@id":"https:\/\/www.grupgsr.com\/#website","url":"https:\/\/www.grupgsr.com\/","name":"GSR 2026","description":"Empresa de organizaci\u00f3n, promoci\u00f3n y comunicaci\u00f3n de la alimentaci\u00f3n, la hosteler\u00eda, la restauraci\u00f3n, la gastronom\u00eda y la enolog\u00eda.","potentialAction":[{"@type":"SearchAction","target":{"@type":"EntryPoint","urlTemplate":"https:\/\/www.grupgsr.com\/?s={search_term_string}"},"query-input":"required name=search_term_string"}],"inLanguage":"en-US"},{"@type":"WebPage","@id":"http:\/\/www.grupgsr.com\/en\/politica-de-privacidad\/#webpage","url":"http:\/\/www.grupgsr.com\/en\/politica-de-privacidad\/","name":"Pol\u00edtica de privacidad - GSR 2026","isPartOf":{"@id":"https:\/\/www.grupgsr.com\/#website"},"datePublished":"2017-07-19T09:31:53+00:00","dateModified":"2017-08-07T09:54:15+00:00","breadcrumb":{"@id":"http:\/\/www.grupgsr.com\/en\/politica-de-privacidad\/#breadcrumb"},"inLanguage":"en-US","potentialAction":[{"@type":"ReadAction","target":["http:\/\/www.grupgsr.com\/en\/politica-de-privacidad\/"]}]},{"@type":"BreadcrumbList","@id":"http:\/\/www.grupgsr.com\/en\/politica-de-privacidad\/#breadcrumb","itemListElement":[{"@type":"ListItem","position":1,"name":"Home","item":"https:\/\/ms-gastro.srv.vocento.in\/gsr2025\/en\/"},{"@type":"ListItem","position":2,"name":"Pol\u00edtica de privacidad"}]}]}},"_links":{"self":[{"href":"https:\/\/www.grupgsr.com\/en\/wp-json\/wp\/v2\/pages\/7046"}],"collection":[{"href":"https:\/\/www.grupgsr.com\/en\/wp-json\/wp\/v2\/pages"}],"about":[{"href":"https:\/\/www.grupgsr.com\/en\/wp-json\/wp\/v2\/types\/page"}],"author":[{"embeddable":true,"href":"https:\/\/www.grupgsr.com\/en\/wp-json\/wp\/v2\/users\/1"}],"replies":[{"embeddable":true,"href":"https:\/\/www.grupgsr.com\/en\/wp-json\/wp\/v2\/comments?post=7046"}],"version-history":[{"count":0,"href":"https:\/\/www.grupgsr.com\/en\/wp-json\/wp\/v2\/pages\/7046\/revisions"}],"wp:attachment":[{"href":"https:\/\/www.grupgsr.com\/en\/wp-json\/wp\/v2\/media?parent=7046"}],"curies":[{"name":"wp","href":"https:\/\/api.w.org\/{rel}","templated":true}]}}