
{"id":7027,"date":"2017-06-07T09:03:41","date_gmt":"2017-06-07T09:03:41","guid":{"rendered":"http:\/\/www.grupgsr.com\/testimonios\/"},"modified":"2017-08-07T09:35:50","modified_gmt":"2017-08-07T09:35:50","slug":"testimonios","status":"publish","type":"page","link":"https:\/\/www.grupgsr.com\/en\/testimonios\/","title":{"rendered":"Testimonials"},"content":{"rendered":"[vc_row type=&#8221;in_container&#8221; full_screen_row_position=&#8221;middle&#8221; scene_position=&#8221;center&#8221; text_color=&#8221;dark&#8221; text_align=&#8221;left&#8221; top_padding=&#8221;50&#8243; overlay_strength=&#8221;0.3&#8243;][vc_column boxed=&#8221;true&#8221; column_padding=&#8221;padding-3-percent&#8221; column_padding_position=&#8221;all&#8221; background_color_opacity=&#8221;0.5&#8243; background_hover_color_opacity=&#8221;1&#8243; top_margin=&#8221;5&#8243; bottom_margin=&#8221;5&#8243; column_shadow=&#8221;none&#8221; width=&#8221;1\/3&#8243; tablet_text_alignment=&#8221;default&#8221; phone_text_alignment=&#8221;default&#8221; column_border_width=&#8221;5px&#8221; column_border_color=&#8221;#c2a1e2&#8243; column_border_style=&#8221;dotted&#8221;][testimonial_slider style=&#8221;default&#8221; star_rating_color=&#8221;accent-color&#8221;][testimonial image=&#8221;6782&#8243; star_rating=&#8221;none&#8221; title=&#8221;Testimonial&#8221; id=&#8221;1497344560127-0-8&#8243; tab_id=&#8221;1496826025166-2&#8243; name=&#8221;Ferran Adri\u00e0&#8221; quote=&#8221;It would be impossible to understand Spanish gastronomy without a company like grup gsr. They have been involved in the most significant milestones in recent years and, most importantly, people in the business love them.<br \/>\n&#8221; subtitle=&#8221;Chef&#8221;] Click the edit button to add your testimonial. [\/testimonial][\/testimonial_slider][\/vc_column][vc_column boxed=&#8221;true&#8221; column_padding=&#8221;padding-3-percent&#8221; column_padding_position=&#8221;all&#8221; background_color_opacity=&#8221;0.5&#8243; background_hover_color_opacity=&#8221;1&#8243; top_margin=&#8221;5&#8243; bottom_margin=&#8221;5&#8243; column_shadow=&#8221;none&#8221; width=&#8221;1\/3&#8243; tablet_text_alignment=&#8221;default&#8221; phone_text_alignment=&#8221;default&#8221; column_border_width=&#8221;5px&#8221; column_border_color=&#8221;#c2a1e2&#8243; column_border_style=&#8221;dotted&#8221;][testimonial_slider style=&#8221;default&#8221; star_rating_color=&#8221;accent-color&#8221;][testimonial image=&#8221;6674&#8243; star_rating=&#8221;none&#8221; title=&#8221;Testimonial&#8221; id=&#8221;1497345448124-0-4&#8243; tab_id=&#8221;1496825863692-8&#8243; name=&#8221;Carme Ruscalleda&#8221; subtitle=&#8221;Chef&#8221; quote=&#8221;To me, the acronym gsr is the pledge of thorough, expert organisation through Roser Torras\u2019s knowledge and talent for innovation&#8230;&#8221;] Click the edit button to add your testimonial. [\/testimonial][testimonial image=&#8221;6674&#8243; star_rating=&#8221;none&#8221; title=&#8221;Testimonial&#8221; id=&#8221;1498131630282-0-7&#8243; tab_id=&#8221;1496825863692-8&#8243; name=&#8221;Carme Ruscalleda&#8221; subtitle=&#8221;Chef&#8221; quote=&#8221;&#8230;dissemination, announcements, presentations and the most complex and challenging food events.&#8221;] Click the edit button to add your testimonial. [\/testimonial][\/testimonial_slider][\/vc_column][vc_column boxed=&#8221;true&#8221; column_padding=&#8221;padding-3-percent&#8221; column_padding_position=&#8221;all&#8221; background_color_opacity=&#8221;0.5&#8243; background_hover_color_opacity=&#8221;1&#8243; top_margin=&#8221;5&#8243; bottom_margin=&#8221;5&#8243; column_shadow=&#8221;none&#8221; width=&#8221;1\/3&#8243; tablet_text_alignment=&#8221;default&#8221; phone_text_alignment=&#8221;default&#8221; column_border_width=&#8221;5px&#8221; column_border_color=&#8221;#c2a1e2&#8243; column_border_style=&#8221;dotted&#8221;][testimonial_slider style=&#8221;default&#8221; star_rating_color=&#8221;accent-color&#8221;][testimonial image=&#8221;6792&#8243; star_rating=&#8221;none&#8221; title=&#8221;Testimonial&#8221; id=&#8221;1497344565198-0-8&#8243; tab_id=&#8221;1496825863799-4&#8243; name=&#8221;Joan Roca&#8221; subtitle=&#8221;Chef&#8221; quote=&#8221;gsr make up a great team. They work painstakingly to organise one of the world\u2019s most significant international conferences, they are driven by their founding family\u2019s passion for gastronomy, communicating and managing culinary excellence with great professionalism. &#8220;] Click the edit button to add your testimonial. [\/testimonial][\/testimonial_slider][\/vc_column][\/vc_row][vc_row type=&#8221;in_container&#8221; full_screen_row_position=&#8221;middle&#8221; scene_position=&#8221;center&#8221; text_color=&#8221;dark&#8221; text_align=&#8221;left&#8221; top_padding=&#8221;50&#8243; overlay_strength=&#8221;0.3&#8243;][vc_column boxed=&#8221;true&#8221; column_padding=&#8221;padding-3-percent&#8221; column_padding_position=&#8221;all&#8221; background_color_opacity=&#8221;0.5&#8243; background_hover_color_opacity=&#8221;1&#8243; top_margin=&#8221;5&#8243; bottom_margin=&#8221;5&#8243; column_shadow=&#8221;none&#8221; width=&#8221;1\/3&#8243; tablet_text_alignment=&#8221;default&#8221; phone_text_alignment=&#8221;default&#8221; column_border_width=&#8221;5px&#8221; column_border_color=&#8221;#c2a1e2&#8243; column_border_style=&#8221;dotted&#8221;][testimonial_slider style=&#8221;default&#8221; star_rating_color=&#8221;accent-color&#8221;][testimonial image=&#8221;6795&#8243; star_rating=&#8221;none&#8221; title=&#8221;Testimonial&#8221; id=&#8221;1497344560318-0-0&#8243; tab_id=&#8221;1496826474405-6&#8243; name=&#8221;Juan Mari Arzak&#8221; subtitle=&#8221;Chef&#8221; quote=&#8221;If I were to highlight anything about grup gsr \u2013 a world-renowned name in world gastronomy we have been collaborating with intensely for almost a quarter of a century \u2013 it is their team work led by, obviously, Roser Torras and other significant deciders\u2026&#8221;]Click the edit button to add your testimonial. [\/testimonial][testimonial image=&#8221;6795&#8243; star_rating=&#8221;none&#8221; title=&#8221;Testimonial&#8221; id=&#8221;1498132156647-0-2&#8243; tab_id=&#8221;1496826474405-6&#8243; name=&#8221;Juan Mari Arzak&#8221; subtitle=&#8221;Chef&#8221;][\/testimonial][\/testimonial_slider][\/vc_column][vc_column boxed=&#8221;true&#8221; column_padding=&#8221;padding-3-percent&#8221; column_padding_position=&#8221;all&#8221; background_color_opacity=&#8221;0.5&#8243; background_hover_color_opacity=&#8221;1&#8243; top_margin=&#8221;5&#8243; bottom_margin=&#8221;5&#8243; column_shadow=&#8221;none&#8221; width=&#8221;1\/3&#8243; tablet_text_alignment=&#8221;default&#8221; phone_text_alignment=&#8221;default&#8221; column_border_width=&#8221;5px&#8221; column_border_color=&#8221;#c2a1e2&#8243; column_border_style=&#8221;dotted&#8221;][testimonial_slider style=&#8221;default&#8221; star_rating_color=&#8221;accent-color&#8221;][testimonial image=&#8221;6804&#8243; star_rating=&#8221;none&#8221; title=&#8221;Testimonial&#8221; id=&#8221;1497344565198-0-8&#8243; tab_id=&#8221;1496825863799-4&#8243; name=&#8221;Pedro Subijana&#8221; subtitle=&#8221;Chef&#8221; quote=&#8221;I have been collaborating with gsr since its early days. I have always emphasised their team spirit which exudes from this company of young, passionate people. The variety of actions they carry out throughout the year and their desire to outdo themselves gets passed on to us who attend their events where we are treated with exquisite manners and professionalism.&#8221;][\/testimonial][\/testimonial_slider][\/vc_column][vc_column boxed=&#8221;true&#8221; column_padding=&#8221;padding-3-percent&#8221; column_padding_position=&#8221;all&#8221; background_color_opacity=&#8221;0.5&#8243; background_hover_color_opacity=&#8221;1&#8243; top_margin=&#8221;5&#8243; bottom_margin=&#8221;5&#8243; column_shadow=&#8221;none&#8221; width=&#8221;1\/3&#8243; tablet_text_alignment=&#8221;default&#8221; phone_text_alignment=&#8221;default&#8221; column_border_width=&#8221;5px&#8221; column_border_color=&#8221;#c2a1e2&#8243; column_border_style=&#8221;dotted&#8221;][testimonial_slider style=&#8221;default&#8221; star_rating_color=&#8221;accent-color&#8221;][testimonial image=&#8221;6781&#8243; star_rating=&#8221;none&#8221; title=&#8221;Testimonial&#8221; id=&#8221;1497344560057-0-9&#8243; tab_id=&#8221;1496825996209-3&#8243; name=&#8221;Martin Berasategui&#8221; subtitle=&#8221;Chef&#8221; quote=&#8221;After all these years of a close relationship with grup gsr, I can tell you that you have earned everyone\u2019s love and admiration with your know-how and your professionalism through the years as well as your exceptional love of what you do, boundless enthusiasm and great desire to succeed.&#8221;] Click the edit button to add your testimonial. [\/testimonial][\/testimonial_slider][\/vc_column][\/vc_row][vc_row type=&#8221;in_container&#8221; full_screen_row_position=&#8221;middle&#8221; scene_position=&#8221;center&#8221; text_color=&#8221;dark&#8221; text_align=&#8221;left&#8221; top_padding=&#8221;50&#8243; overlay_strength=&#8221;0.3&#8243;][vc_column boxed=&#8221;true&#8221; column_padding=&#8221;padding-3-percent&#8221; column_padding_position=&#8221;all&#8221; background_color_opacity=&#8221;0.5&#8243; background_hover_color_opacity=&#8221;1&#8243; top_margin=&#8221;5&#8243; bottom_margin=&#8221;5&#8243; column_shadow=&#8221;none&#8221; width=&#8221;1\/3&#8243; tablet_text_alignment=&#8221;default&#8221; phone_text_alignment=&#8221;default&#8221; column_border_width=&#8221;5px&#8221; column_border_color=&#8221;#c2a1e2&#8243; column_border_style=&#8221;dotted&#8221;][testimonial_slider style=&#8221;default&#8221; star_rating_color=&#8221;accent-color&#8221;][testimonial image=&#8221;6794&#8243; star_rating=&#8221;none&#8221; title=&#8221;Testimonial&#8221; id=&#8221;1497344560250-0-10&#8243; tab_id=&#8221;1496826424102-7&#8243; name=&#8221;Carles Gaig&#8221; subtitle=&#8221;Chef&#8221; quote=&#8221;Having a communication agency such as grs close at hand to meet our professional needs is a luxury. And let us be clear about their contribution to the success of gastronomy in our country through the many food events they organise. Thank you and long life to the gsr team.&#8221;] Click the edit button to add your testimonial. [\/testimonial][\/testimonial_slider][\/vc_column][vc_column boxed=&#8221;true&#8221; column_padding=&#8221;padding-3-percent&#8221; column_padding_position=&#8221;all&#8221; background_color_opacity=&#8221;0.5&#8243; background_hover_color_opacity=&#8221;1&#8243; top_margin=&#8221;5&#8243; bottom_margin=&#8221;5&#8243; column_shadow=&#8221;none&#8221; width=&#8221;1\/3&#8243; tablet_text_alignment=&#8221;default&#8221; phone_text_alignment=&#8221;default&#8221; column_border_width=&#8221;5px&#8221; column_border_color=&#8221;#c2a1e2&#8243; column_border_style=&#8221;dotted&#8221;][testimonial_slider style=&#8221;default&#8221; star_rating_color=&#8221;accent-color&#8221;][testimonial image=&#8221;6672&#8243; star_rating=&#8221;none&#8221; title=&#8221;Testimonial&#8221; id=&#8221;1498125613630-0-10&#8243; tab_id=&#8221;1496825935022-8&#8243; name=&#8221;Gast\u00f3n Acurio&#8221; subtitle=&#8221;Chef&#8221; quote=&#8221;In today\u2019s world where cooking is becoming increasingly popular, we, chefs, often are vulnerable to many dangers that take us away from our everyday job&#8230;<\/p>\n<p>&#8220;] Click the edit button to add your testimonial. [\/testimonial][testimonial image=&#8221;6672&#8243; star_rating=&#8221;none&#8221; title=&#8221;Testimonial&#8221; id=&#8221;1497344559938-0-1&#8243; tab_id=&#8221;1496825935022-8&#8243; name=&#8221;Gast\u00f3n Acurio&#8221; subtitle=&#8221;Chef&#8221; quote=&#8221;&#8230;to make others happy through what we do, cooking. Growing media exposure, developing concepts here and there, communities of followers always expecting to hear about us, commitments and responsibilities shared along the chain. All these activities cannot come to proper fruition without the support of an allied team that is not only professional but above all that shares the same dream and the same ideal of a cuisine at the service of people\u2019s wellbeing. This is gsr, the light that guides us day after day on a smooth path until we reach our destination, with a feeling that beyond success or failure, we have done things right.&#8221;] Click the edit button to add your testimonial. [\/testimonial][\/testimonial_slider][\/vc_column][vc_column boxed=&#8221;true&#8221; column_padding=&#8221;padding-3-percent&#8221; column_padding_position=&#8221;all&#8221; background_color_opacity=&#8221;0.5&#8243; background_hover_color_opacity=&#8221;1&#8243; top_margin=&#8221;5&#8243; bottom_margin=&#8221;5&#8243; column_shadow=&#8221;none&#8221; width=&#8221;1\/3&#8243; tablet_text_alignment=&#8221;default&#8221; phone_text_alignment=&#8221;default&#8221; column_border_width=&#8221;5px&#8221; column_border_color=&#8221;#c2a1e2&#8243; column_border_style=&#8221;dotted&#8221;][testimonial_slider style=&#8221;default&#8221; star_rating_color=&#8221;accent-color&#8221;][testimonial image=&#8221;6675&#8243; star_rating=&#8221;none&#8221; title=&#8221;Testimonial&#8221; id=&#8221;1496825971941-0-4&#8243; tab_id=&#8221;1496825971943-1&#8243; name=&#8221;Fina Puigdevall&#8221; subtitle=&#8221;Chef&#8221; quote=&#8221;We have shared many moments with gsr, events, presentations, conferences\u2026 But I\u2019ll always remember Les Cols\u2019 25th anniversary, perfectly organised and very special for the whole team.&#8221;] Click the edit button to add your testimonial. [\/testimonial][\/testimonial_slider][\/vc_column][\/vc_row][vc_row type=&#8221;in_container&#8221; full_screen_row_position=&#8221;middle&#8221; scene_position=&#8221;center&#8221; text_color=&#8221;dark&#8221; text_align=&#8221;left&#8221; top_padding=&#8221;50&#8243; overlay_strength=&#8221;0.3&#8243;][vc_column boxed=&#8221;true&#8221; column_padding=&#8221;padding-3-percent&#8221; column_padding_position=&#8221;all&#8221; background_color_opacity=&#8221;0.5&#8243; background_hover_color_opacity=&#8221;1&#8243; top_margin=&#8221;5&#8243; bottom_margin=&#8221;5&#8243; column_shadow=&#8221;none&#8221; width=&#8221;1\/3&#8243; tablet_text_alignment=&#8221;default&#8221; phone_text_alignment=&#8221;default&#8221; column_border_width=&#8221;5px&#8221; column_border_color=&#8221;#c2a1e2&#8243; column_border_style=&#8221;dotted&#8221;][testimonial_slider style=&#8221;default&#8221; star_rating_color=&#8221;accent-color&#8221;][testimonial image=&#8221;6805&#8243; star_rating=&#8221;none&#8221; title=&#8221;Testimonial&#8221; id=&#8221;1497345451079-0-3&#8243; tab_id=&#8221;1496825863692-8&#8243; name=&#8221;Aldo Marcello de Luca&#8221; subtitle=&#8221;San Pellegrino&#8221; quote=&#8221;gsr\u2019s strong knowledge of the industry, their experience in event organisation and PR management have helped us build a stronger bond between our brands and the world of gastronomy.&#8221;] Click the edit button to add your testimonial. [\/testimonial][\/testimonial_slider][\/vc_column][vc_column boxed=&#8221;true&#8221; column_padding=&#8221;padding-3-percent&#8221; column_padding_position=&#8221;all&#8221; background_color_opacity=&#8221;0.5&#8243; background_hover_color_opacity=&#8221;1&#8243; top_margin=&#8221;5&#8243; bottom_margin=&#8221;5&#8243; column_shadow=&#8221;none&#8221; width=&#8221;1\/3&#8243; tablet_text_alignment=&#8221;default&#8221; phone_text_alignment=&#8221;default&#8221; column_border_width=&#8221;5px&#8221; column_border_color=&#8221;#c2a1e2&#8243; column_border_style=&#8221;dotted&#8221;][testimonial_slider style=&#8221;default&#8221; star_rating_color=&#8221;accent-color&#8221;][testimonial image=&#8221;6673&#8243; star_rating=&#8221;none&#8221; title=&#8221;Testimonial&#8221; id=&#8221;1497344565198-0-8&#8243; tab_id=&#8221;1496825863799-4&#8243; name=&#8221;Ferran Centelles&#8221; subtitle=&#8221;Sumiller&#8221; quote=&#8221;With gsr I have experimented with the most amazing ideas and even had some dreams become reality through a culinary event. gsr is the perfect pairing between fantasy and tenacity.&#8221;] Click the edit button to add your testimonial. [\/testimonial][\/testimonial_slider][\/vc_column][vc_column boxed=&#8221;true&#8221; column_padding=&#8221;padding-3-percent&#8221; column_padding_position=&#8221;all&#8221; background_color_opacity=&#8221;0.5&#8243; background_hover_color_opacity=&#8221;1&#8243; top_margin=&#8221;5&#8243; bottom_margin=&#8221;5&#8243; column_shadow=&#8221;none&#8221; width=&#8221;1\/3&#8243; tablet_text_alignment=&#8221;default&#8221; phone_text_alignment=&#8221;default&#8221; column_border_width=&#8221;5px&#8221; column_border_color=&#8221;#c2a1e2&#8243; column_border_style=&#8221;dotted&#8221;][testimonial_slider style=&#8221;default&#8221; star_rating_color=&#8221;accent-color&#8221;][testimonial image=&#8221;6809&#8243; star_rating=&#8221;none&#8221; title=&#8221;Testimonial&#8221; id=&#8221;1498132157928-0-9&#8243; tab_id=&#8221;1496825863692-8&#8243; name=&#8221;Jaume Alemany&#8221; subtitle=&#8221;Director de marketing de Damm&#8221; quote=&#8221;For us, Roser Torras and gsr are a key asset in our venturing into gastronomy. They have helped us understand that world, enter it and get much more from it than we knew how. In addition, Roser\u2019s extremely professional management meant that it felt like gsr was a part of Damm\u2026 &#8230;&#8221;] Click the edit button to add your testimonial. [\/testimonial][testimonial image=&#8221;6809&#8243; star_rating=&#8221;none&#8221; title=&#8221;Testimonial&#8221; id=&#8221;1497345451079-0-3&#8243; tab_id=&#8221;1496825863692-8&#8243; name=&#8221;Jaume Alemany&#8221; subtitle=&#8221;Director de marketing de Damm&#8221;][\/testimonial][\/testimonial_slider][\/vc_column][\/vc_row]\n","protected":false},"excerpt":{"rendered":"<p>[vc_row type=&#8221;in_container&#8221; full_screen_row_position=&#8221;middle&#8221; scene_position=&#8221;center&#8221; text_color=&#8221;dark&#8221; text_align=&#8221;left&#8221; top_padding=&#8221;50&#8243; overlay_strength=&#8221;0.3&#8243;][vc_column boxed=&#8221;true&#8221; column_padding=&#8221;padding-3-percent&#8221; column_padding_position=&#8221;all&#8221; background_color_opacity=&#8221;0.5&#8243; background_hover_color_opacity=&#8221;1&#8243; top_margin=&#8221;5&#8243; bottom_margin=&#8221;5&#8243; column_shadow=&#8221;none&#8221; width=&#8221;1\/3&#8243; tablet_text_alignment=&#8221;default&#8221; phone_text_alignment=&#8221;default&#8221; column_border_width=&#8221;5px&#8221; column_border_color=&#8221;#c2a1e2&#8243; column_border_style=&#8221;dotted&#8221;][testimonial_slider style=&#8221;default&#8221; star_rating_color=&#8221;accent-color&#8221;][testimonial image=&#8221;6782&#8243; star_rating=&#8221;none&#8221; title=&#8221;Testimonial&#8221; id=&#8221;1497344560127-0-8&#8243; tab_id=&#8221;1496826025166-2&#8243; name=&#8221;Ferran&#8230;<\/p>\n","protected":false},"author":1,"featured_media":0,"parent":0,"menu_order":0,"comment_status":"closed","ping_status":"closed","template":"","meta":[],"yoast_head":"<!-- This site is optimized with the Yoast SEO plugin v19.0 - https:\/\/yoast.com\/wordpress\/plugins\/seo\/ -->\n<title>Testimonials - GSR 2026<\/title>\n<meta name=\"robots\" content=\"index, follow, max-snippet:-1, max-image-preview:large, max-video-preview:-1\" \/>\n<link rel=\"canonical\" href=\"http:\/\/new-www.grupgsr.com\/en\/testimonios\/\" \/>\n<meta property=\"og:locale\" content=\"en_US\" \/>\n<meta property=\"og:type\" content=\"article\" \/>\n<meta property=\"og:title\" content=\"Testimonials - GSR 2026\" \/>\n<meta property=\"og:description\" content=\"[vc_row type=&#8221;in_container&#8221; full_screen_row_position=&#8221;middle&#8221; scene_position=&#8221;center&#8221; text_color=&#8221;dark&#8221; text_align=&#8221;left&#8221; top_padding=&#8221;50&#8243; overlay_strength=&#8221;0.3&#8243;][vc_column boxed=&#8221;true&#8221; column_padding=&#8221;padding-3-percent&#8221; column_padding_position=&#8221;all&#8221; background_color_opacity=&#8221;0.5&#8243; background_hover_color_opacity=&#8221;1&#8243; top_margin=&#8221;5&#8243; bottom_margin=&#8221;5&#8243; column_shadow=&#8221;none&#8221; width=&#8221;1\/3&#8243; tablet_text_alignment=&#8221;default&#8221; phone_text_alignment=&#8221;default&#8221; column_border_width=&#8221;5px&#8221; column_border_color=&#8221;#c2a1e2&#8243; column_border_style=&#8221;dotted&#8221;][testimonial_slider style=&#8221;default&#8221; star_rating_color=&#8221;accent-color&#8221;][testimonial image=&#8221;6782&#8243; star_rating=&#8221;none&#8221; title=&#8221;Testimonial&#8221; id=&#8221;1497344560127-0-8&#8243; tab_id=&#8221;1496826025166-2&#8243; name=&#8221;Ferran...\" \/>\n<meta property=\"og:url\" content=\"http:\/\/new-www.grupgsr.com\/en\/testimonios\/\" \/>\n<meta property=\"og:site_name\" content=\"GSR 2026\" \/>\n<meta property=\"article:modified_time\" content=\"2017-08-07T09:35:50+00:00\" \/>\n<meta name=\"twitter:card\" content=\"summary_large_image\" \/>\n<meta name=\"twitter:label1\" content=\"Est. reading time\" \/>\n\t<meta name=\"twitter:data1\" content=\"9 minutes\" \/>\n<script type=\"application\/ld+json\" class=\"yoast-schema-graph\">{\"@context\":\"https:\/\/schema.org\",\"@graph\":[{\"@type\":\"WebSite\",\"@id\":\"https:\/\/www.grupgsr.com\/#website\",\"url\":\"https:\/\/www.grupgsr.com\/\",\"name\":\"GSR 2026\",\"description\":\"Empresa de organizaci\u00f3n, promoci\u00f3n y comunicaci\u00f3n de la alimentaci\u00f3n, la hosteler\u00eda, la restauraci\u00f3n, la gastronom\u00eda y la enolog\u00eda.\",\"potentialAction\":[{\"@type\":\"SearchAction\",\"target\":{\"@type\":\"EntryPoint\",\"urlTemplate\":\"https:\/\/www.grupgsr.com\/?s={search_term_string}\"},\"query-input\":\"required name=search_term_string\"}],\"inLanguage\":\"en-US\"},{\"@type\":\"WebPage\",\"@id\":\"http:\/\/new-www.grupgsr.com\/en\/testimonios\/#webpage\",\"url\":\"http:\/\/new-www.grupgsr.com\/en\/testimonios\/\",\"name\":\"Testimonials - GSR 2026\",\"isPartOf\":{\"@id\":\"https:\/\/www.grupgsr.com\/#website\"},\"datePublished\":\"2017-06-07T09:03:41+00:00\",\"dateModified\":\"2017-08-07T09:35:50+00:00\",\"breadcrumb\":{\"@id\":\"http:\/\/new-www.grupgsr.com\/en\/testimonios\/#breadcrumb\"},\"inLanguage\":\"en-US\",\"potentialAction\":[{\"@type\":\"ReadAction\",\"target\":[\"http:\/\/new-www.grupgsr.com\/en\/testimonios\/\"]}]},{\"@type\":\"BreadcrumbList\",\"@id\":\"http:\/\/new-www.grupgsr.com\/en\/testimonios\/#breadcrumb\",\"itemListElement\":[{\"@type\":\"ListItem\",\"position\":1,\"name\":\"Home\",\"item\":\"https:\/\/ms-gastro.srv.vocento.in\/gsr2025\/en\/\"},{\"@type\":\"ListItem\",\"position\":2,\"name\":\"Testimonials\"}]}]}<\/script>\n<!-- \/ Yoast SEO plugin. -->","yoast_head_json":{"title":"Testimonials - GSR 2026","robots":{"index":"index","follow":"follow","max-snippet":"max-snippet:-1","max-image-preview":"max-image-preview:large","max-video-preview":"max-video-preview:-1"},"canonical":"http:\/\/new-www.grupgsr.com\/en\/testimonios\/","og_locale":"en_US","og_type":"article","og_title":"Testimonials - GSR 2026","og_description":"[vc_row type=&#8221;in_container&#8221; full_screen_row_position=&#8221;middle&#8221; scene_position=&#8221;center&#8221; text_color=&#8221;dark&#8221; text_align=&#8221;left&#8221; top_padding=&#8221;50&#8243; overlay_strength=&#8221;0.3&#8243;][vc_column boxed=&#8221;true&#8221; column_padding=&#8221;padding-3-percent&#8221; column_padding_position=&#8221;all&#8221; background_color_opacity=&#8221;0.5&#8243; background_hover_color_opacity=&#8221;1&#8243; top_margin=&#8221;5&#8243; bottom_margin=&#8221;5&#8243; column_shadow=&#8221;none&#8221; width=&#8221;1\/3&#8243; tablet_text_alignment=&#8221;default&#8221; phone_text_alignment=&#8221;default&#8221; column_border_width=&#8221;5px&#8221; column_border_color=&#8221;#c2a1e2&#8243; column_border_style=&#8221;dotted&#8221;][testimonial_slider style=&#8221;default&#8221; star_rating_color=&#8221;accent-color&#8221;][testimonial image=&#8221;6782&#8243; star_rating=&#8221;none&#8221; title=&#8221;Testimonial&#8221; id=&#8221;1497344560127-0-8&#8243; tab_id=&#8221;1496826025166-2&#8243; name=&#8221;Ferran...","og_url":"http:\/\/new-www.grupgsr.com\/en\/testimonios\/","og_site_name":"GSR 2026","article_modified_time":"2017-08-07T09:35:50+00:00","twitter_card":"summary_large_image","twitter_misc":{"Est. reading time":"9 minutes"},"schema":{"@context":"https:\/\/schema.org","@graph":[{"@type":"WebSite","@id":"https:\/\/www.grupgsr.com\/#website","url":"https:\/\/www.grupgsr.com\/","name":"GSR 2026","description":"Empresa de organizaci\u00f3n, promoci\u00f3n y comunicaci\u00f3n de la alimentaci\u00f3n, la hosteler\u00eda, la restauraci\u00f3n, la gastronom\u00eda y la enolog\u00eda.","potentialAction":[{"@type":"SearchAction","target":{"@type":"EntryPoint","urlTemplate":"https:\/\/www.grupgsr.com\/?s={search_term_string}"},"query-input":"required name=search_term_string"}],"inLanguage":"en-US"},{"@type":"WebPage","@id":"http:\/\/new-www.grupgsr.com\/en\/testimonios\/#webpage","url":"http:\/\/new-www.grupgsr.com\/en\/testimonios\/","name":"Testimonials - GSR 2026","isPartOf":{"@id":"https:\/\/www.grupgsr.com\/#website"},"datePublished":"2017-06-07T09:03:41+00:00","dateModified":"2017-08-07T09:35:50+00:00","breadcrumb":{"@id":"http:\/\/new-www.grupgsr.com\/en\/testimonios\/#breadcrumb"},"inLanguage":"en-US","potentialAction":[{"@type":"ReadAction","target":["http:\/\/new-www.grupgsr.com\/en\/testimonios\/"]}]},{"@type":"BreadcrumbList","@id":"http:\/\/new-www.grupgsr.com\/en\/testimonios\/#breadcrumb","itemListElement":[{"@type":"ListItem","position":1,"name":"Home","item":"https:\/\/ms-gastro.srv.vocento.in\/gsr2025\/en\/"},{"@type":"ListItem","position":2,"name":"Testimonials"}]}]}},"_links":{"self":[{"href":"https:\/\/www.grupgsr.com\/en\/wp-json\/wp\/v2\/pages\/7027"}],"collection":[{"href":"https:\/\/www.grupgsr.com\/en\/wp-json\/wp\/v2\/pages"}],"about":[{"href":"https:\/\/www.grupgsr.com\/en\/wp-json\/wp\/v2\/types\/page"}],"author":[{"embeddable":true,"href":"https:\/\/www.grupgsr.com\/en\/wp-json\/wp\/v2\/users\/1"}],"replies":[{"embeddable":true,"href":"https:\/\/www.grupgsr.com\/en\/wp-json\/wp\/v2\/comments?post=7027"}],"version-history":[{"count":0,"href":"https:\/\/www.grupgsr.com\/en\/wp-json\/wp\/v2\/pages\/7027\/revisions"}],"wp:attachment":[{"href":"https:\/\/www.grupgsr.com\/en\/wp-json\/wp\/v2\/media?parent=7027"}],"curies":[{"name":"wp","href":"https:\/\/api.w.org\/{rel}","templated":true}]}}