
{"id":7103,"date":"2017-07-19T09:31:53","date_gmt":"2017-07-19T09:31:53","guid":{"rendered":"http:\/\/www.grupgsr.com\/politica-de-privacidad\/"},"modified":"2020-03-26T16:37:17","modified_gmt":"2020-03-26T16:37:17","slug":"politica-de-privacitat","status":"publish","type":"page","link":"https:\/\/www.grupgsr.com\/ca\/politica-de-privacitat\/","title":{"rendered":"Pol\u00edtica de privacitat"},"content":{"rendered":"<p>Produccions de Gastronomia SL. (en endavant GRUP GSR) mitjan\u00e7ant la seva p\u00e0gina web www.grupgsr.com o qualsevol altre domini vinculat a aquesta, i de la seva titularitat, pot sol\u00b7licitar a l&#8217;Usuari certes dades de car\u00e0cter personal mitjan\u00e7ant formularis.<\/p>\n<p>Protecci\u00f3 de dades de car\u00e0cter personal<\/p>\n<p>D&#8217;acord amb la Llei Org\u00e0nica 15\/1999, del 13 de desembre, de Protecci\u00f3 de Dades de Car\u00e0cter Personal, l&#8217;informem que les dades de car\u00e0cter personal recollides dels usuaris s\u00f3n emmagatzemades en una base de dades propietat de Produccions de Gastronomia SL (CIF B62537774) inscrita en el Registre General de l&#8217;Ag\u00e8ncia Espanyola de Protecci\u00f3 de Dades sota el nom de FORMULARIS WEB-COMUNICACIONS.<\/p>\n<p>Les dades subministrades per l&#8217;usuari s\u00f3n guardades autom\u00e0ticament en un arxiu segur i d&#8217;acc\u00e9s restringit. GRUP GSR es compromet al compliment de la seva obligaci\u00f3 de secret de les dades de car\u00e0cter personal i del seu deure de guardar-les i adoptar totes les mesures necess\u00e0ries per evitar la seva alteraci\u00f3, p\u00e8rdua, tractament o \u00fas no autoritzat.<\/p>\n<p>Per garantir una bona gesti\u00f3, grup gsr, pot trobar-se obligat a facilitar determinades dades dels seus usuaris (nom, adre\u00e7a, tel\u00e8fon, correu electr\u00f2nic, etc.) a altres empreses o organitzacions col\u00b7laboradores. En tots els casos les dades que es faciliten s\u00f3n les estrictament necess\u00e0ries per a l&#8217;activitat concreta que es vagi a dur a terme. Vost\u00e8 autoritza expressament la cessi\u00f3 de les seves dades de car\u00e0cter personal per aquest fi si fos necessari per la correcta gesti\u00f3 interna.<\/p>\n<p>Els usuaris de grup gsr, podran en tot moment exercir els drets d&#8217;acc\u00e9s, rectificaci\u00f3, cancel\u00b7laci\u00f3 i oposici\u00f3, comunicant-ho per escrit a trav\u00e9s del nostre correu electr\u00f2nic <a href=\"mailto:contabilidad@grupgsr.com\">contabilidad@grupgsr.com<\/a><\/p>\n<p>Recollida de dades a trav\u00e9s d&#8217;un formulari<\/p>\n<p>Les dades que sol\u00b7licitem a trav\u00e9s dels nostres formularis tindran el tractament i finalitat pel qual es demanen.<\/p>\n<p>D&#8217;acord amb la Llei Org\u00e0nica 15\/1999, del 13 de desembre, de Protecci\u00f3 de Dades de Car\u00e0cter Personal, l&#8217;informem que les dades de car\u00e0cter personal que ens facilita de forma volunt\u00e0ria s&#8217;utilitzaran per gestionar la petici\u00f3 efectuada a trav\u00e9s del formulari de la p\u00e0gina web <a href=\"https:\/\/www.grupgsr.com\/\">www.grupgsr.com<\/a>.<\/p>\n<p>L&#8217;usuari podr\u00e0 en tot moment accedir, rectificar, cancel\u00b7lar total o parcialment les seves dades davant el Responsable del Fitxer.<\/p>\n<p>Per exercir els drets d&#8217;acc\u00e9s, rectificaci\u00f3, cancel\u00b7laci\u00f3 i oposici\u00f3 haur\u00e0 de remetre una comunicaci\u00f3 escrita, des del compte de correu electr\u00f2nic que va utilitzar a l&#8217;hora d&#8217;omplir el formulari de contacte, a <a href=\"mailto:contabilidad@grupgsr.com\">contabilidad@grupgsr.com<\/a> especificant en l&#8217;assumpte &#8220;baixa&#8221;.<\/p>\n<p>A l&#8217;emplenar un dels nostres formularis i acceptar la nostra pol\u00edtica de dades personals, acceptes i autoritzes a GRUP GSR a utilitzar i tractar les dades subministrades d&#8217;acord amb el fi establert en el formulari de contacte, i que podran ser:<\/p>\n<ul>\n<li>Facilitar la informaci\u00f3 sol\u00b7licitada a trav\u00e9s d&#8217;aquest lloc web.<\/li>\n<li>Permetre l&#8217;enviament de comunicacions comercials o informatives a trav\u00e9s del teu correu electr\u00f2nic.<\/li>\n<li>Gestionar dubtes i consultes en cas d&#8217;enviament de correu electr\u00f2nic per aquest fi.<\/li>\n<\/ul>\n<p>&nbsp;<\/p>\n<p>Acceptaci\u00f3 de la Cl\u00e0usula informativa formulari de recollida de dades<\/p>\n<p>Abans d&#8217;enviar el formulari emplenat se li requerir\u00e0 l&#8217;acceptaci\u00f3 de la cl\u00e0usula informativa que a continuaci\u00f3 es reprodueix.<\/p>\n<p>&#8220;En compliment amb l&#8217;establert a la Llei Org\u00e0nica 15\/1999, del 13 de desembre, de Protecci\u00f3 de Dades de Car\u00e0cter Personal, l&#8217;informem que les seves dades personals seran tractades i quedaran incorporades en un fitxer responsabilitat de Produccions de Gastronomia SL (GRUP GSR), registrat a l&#8217;Ag\u00e8ncia Espanyola de Protecci\u00f3 de Dades sota el nom FORMULARIS WEB -COMUNICACIONS, amb la finalitat de gestionar la petici\u00f3 efectuada a trav\u00e9s del formulari web de www.grupgsr.com i l&#8217;enviament de comunicacions informatives o comercials per oferir informaci\u00f3 del seu inter\u00e8s.<\/p>\n<p>L&#8217;usuari pot negar-se lliurement a rebre comunicacions informatives o comercials marcant la casella corresponent que trobar\u00e0 en el formulari o donant-se de baixa de forma autom\u00e0tica de les comunicacions que no siguin del seu inter\u00e8s.<\/p>\n<p>Per exercir els drets d&#8217;acc\u00e9s, rectificaci\u00f3, cancel\u00b7laci\u00f3 i oposici\u00f3 haur\u00e0 de remetre una comunicaci\u00f3 escrita, des del compte de correu electr\u00f2nic que va utilitzar a l&#8217;hora d&#8217;emplenar el formulari, a <a href=\"mailto:contabilidad@grupgsr.com\">contabilidad@grupgsr.com<\/a>.<\/p>\n<p>Li preguem que, en el sup\u00f2sit de produir-se alguna modificaci\u00f3 en les seves dades de car\u00e0cter personal, ens ho comuniqui per tal de poder mantenir-les actualitzades.&#8221;<\/p>\n<p>Enviament de comunicacions informatives i comercials en format electr\u00f2nic<\/p>\n<p>El tractament de les dades de car\u00e0cter personal, aix\u00ed com l&#8217;enviament de comunicacions informatives i comercials realitzades per mitjans electr\u00f2nics, s\u00f3n conformes a la Llei Org\u00e0nica 15\/1999, del 13 de desembre, de Protecci\u00f3 de Dades de Car\u00e0cter Personal i la Llei 34\/2002, de l&#8217;11 de juliol, de serveis de la Societat d&#8217;Informaci\u00f3 i de Comer\u00e7 Electr\u00f2nic.<\/p>\n<p>grup gsr podr\u00e0 remetre a l&#8217;usuari comunicacions informatives o comercials per mitjans electr\u00f2nics a trav\u00e9s del compte de correu que ens ha facilitat, aix\u00ed com informaci\u00f3 relativa al seu sector d&#8217;activitat i que pugui considerar del seu inter\u00e8s.<\/p>\n<p>L&#8217;usuari pot negar-se lliurement a que els tractaments continguts en aquesta cl\u00e0usula es duguin a terme, marcant la casella corresponent que trobar\u00e0 en el formulari o donant-se de baixa de forma autom\u00e0tica de les comunicacions que no siguin del seu inter\u00e8s.<\/p>\n<p>Comunicacions de dades efectuades pel propi Usuari<\/p>\n<p>Abans de facilitar dades personals relatives a terceres persones, l&#8217;Usuari haur\u00e0 d&#8217;obtenir el seu previ i expr\u00e9s consentiment, havent-se informat dels termes continguts en aquesta Pol\u00edtica de privacitat. L&#8217;Usuari s&#8217;obliga a mantenir indemne a GRUP GSR davant de qualsevol possible reclamaci\u00f3, multa o sanci\u00f3 que pugui sorgir com a conseq\u00fc\u00e8ncia de l&#8217;incompliment per part de l&#8217;Usuari del deure descrit en aquest par\u00e0graf.<br \/>\n\u00das de Cookies<\/p>\n<p>En compliment de l&#8217;art. 22.2 LSSICE s&#8217;informa de l&#8217;\u00fas de les cookies en el lloc web <a href=\"https:\/\/www.grupgsr.com\/\">www.grupgsr.com<\/a>.<\/p>\n<p>grup gsr, pel seu propi compte o la d&#8217;un tercer contractat per a la prestaci\u00f3 de serveis de mediaci\u00f3, poden utilitzar cookies quan l&#8217;Usuari navega pel lloc web. Les cookies s\u00f3n fitxers enviats al navegador mitjan\u00e7ant un servidor web amb la finalitat de registrar les activitats de l&#8217;Usuari durant el seu temps de navegaci\u00f3.<br \/>\nLes cookies utilitzades pel lloc web s&#8217;associen \u00fanicament amb un usuari an\u00f2nim i el seu ordinador, per tant no proporcionen per si mateixes dades personals de l&#8217;Usuari.<br \/>\nMitjan\u00e7ant l&#8217;\u00fas de les cookies \u00e9s possible que el servidor on es troba allotjat el lloc web reconegui el navegador web utilitzat per l&#8217;Usuari, amb la finalitat de que la navegaci\u00f3 sigui m\u00e9s senzilla, permetent, per exemple, l&#8217;acc\u00e9s als usuaris que s&#8217;hagin registrat pr\u00e8viament, accedir a les \u00e0rees, serveis, promocions o concursos reservats exclusivament a ells sense que hagin de registrar-se a cada visita. S&#8217;utilitzen tamb\u00e9 per mesurar l&#8217;audi\u00e8ncia i par\u00e0metres del tr\u00e0fic, aix\u00ed com per controlar el progr\u00e9s i n\u00famero d&#8217;entrades.<br \/>\nL&#8217;Usuari t\u00e9 la possibilitat de configurar el seu navegador per ser avisat de la recepci\u00f3 de cookies i per impedir la seva instal\u00b7laci\u00f3 en el seu equip. Si us plau, consulti les instruccions i manuals del seu navegador per ampliar aquesta informaci\u00f3.<\/p>\n<p>Per utilitzar el Lloc Web no \u00e9s necessari que l&#8217;Usuari permeti la instal\u00b7laci\u00f3 de les cookies enviades pel lloc web, o el tercer que actu\u00ef en nom de GRUP GSR.<\/p>\n<p>grup gsr no utilitza t\u00e8cniques de &#8220;spamming&#8221; i \u00fanicament tractar\u00e0 les dades que l&#8217;usuari transmeti mitjan\u00e7ant els formularis electr\u00f2nics habilitats en aquest lloc web o missatges de correu electr\u00f2nic.<\/p>\n","protected":false},"excerpt":{"rendered":"<p>Produccions de Gastronomia SL. (en endavant GRUP GSR) mitjan\u00e7ant la seva p\u00e0gina web www.grupgsr.com o qualsevol altre domini vinculat a aquesta, i de la seva titularitat, pot sol\u00b7licitar a l&#8217;Usuari&#8230;<\/p>\n","protected":false},"author":1,"featured_media":0,"parent":0,"menu_order":0,"comment_status":"closed","ping_status":"closed","template":"","meta":[],"yoast_head":"<!-- This site is optimized with the Yoast SEO plugin v19.0 - https:\/\/yoast.com\/wordpress\/plugins\/seo\/ -->\n<title>Pol\u00edtica de privacitat - grup gsr<\/title>\n<meta name=\"robots\" content=\"index, follow, max-snippet:-1, max-image-preview:large, max-video-preview:-1\" \/>\n<link rel=\"canonical\" href=\"https:\/\/www.grupgsr.com\/ca\/politica-de-privacitat\/\" \/>\n<meta property=\"og:locale\" content=\"en_US\" \/>\n<meta property=\"og:type\" content=\"article\" \/>\n<meta property=\"og:title\" content=\"Pol\u00edtica de privacitat - grup gsr\" \/>\n<meta property=\"og:description\" content=\"Produccions de Gastronomia SL. (en endavant GRUP GSR) mitjan\u00e7ant la seva p\u00e0gina web www.grupgsr.com o qualsevol altre domini vinculat a aquesta, i de la seva titularitat, pot sol\u00b7licitar a l&#8217;Usuari...\" \/>\n<meta property=\"og:url\" content=\"https:\/\/www.grupgsr.com\/ca\/politica-de-privacitat\/\" \/>\n<meta property=\"og:site_name\" content=\"grup gsr\" \/>\n<meta property=\"article:modified_time\" content=\"2020-03-26T16:37:17+00:00\" \/>\n<meta name=\"twitter:card\" content=\"summary_large_image\" \/>\n<meta name=\"twitter:label1\" content=\"Est. reading time\" \/>\n\t<meta name=\"twitter:data1\" content=\"6 minutes\" \/>\n<script type=\"application\/ld+json\" class=\"yoast-schema-graph\">{\"@context\":\"https:\/\/schema.org\",\"@graph\":[{\"@type\":\"WebSite\",\"@id\":\"https:\/\/www.grupgsr.com\/#website\",\"url\":\"https:\/\/www.grupgsr.com\/\",\"name\":\"grup gsr\",\"description\":\"Empresa de organizaci\u00f3n, promoci\u00f3n y comunicaci\u00f3n de la alimentaci\u00f3n, la hosteler\u00eda, la restauraci\u00f3n, la gastronom\u00eda y la enolog\u00eda.\",\"potentialAction\":[{\"@type\":\"SearchAction\",\"target\":{\"@type\":\"EntryPoint\",\"urlTemplate\":\"https:\/\/www.grupgsr.com\/?s={search_term_string}\"},\"query-input\":\"required name=search_term_string\"}],\"inLanguage\":\"ca-CA\"},{\"@type\":\"WebPage\",\"@id\":\"https:\/\/www.grupgsr.com\/ca\/politica-de-privacitat\/#webpage\",\"url\":\"https:\/\/www.grupgsr.com\/ca\/politica-de-privacitat\/\",\"name\":\"Pol\u00edtica de privacitat - grup gsr\",\"isPartOf\":{\"@id\":\"https:\/\/www.grupgsr.com\/#website\"},\"datePublished\":\"2017-07-19T09:31:53+00:00\",\"dateModified\":\"2020-03-26T16:37:17+00:00\",\"breadcrumb\":{\"@id\":\"https:\/\/www.grupgsr.com\/ca\/politica-de-privacitat\/#breadcrumb\"},\"inLanguage\":\"ca-CA\",\"potentialAction\":[{\"@type\":\"ReadAction\",\"target\":[\"https:\/\/www.grupgsr.com\/ca\/politica-de-privacitat\/\"]}]},{\"@type\":\"BreadcrumbList\",\"@id\":\"https:\/\/www.grupgsr.com\/ca\/politica-de-privacitat\/#breadcrumb\",\"itemListElement\":[{\"@type\":\"ListItem\",\"position\":1,\"name\":\"Home\",\"item\":\"https:\/\/ms-gastro.srv.vocento.in\/gsr2025\/ca\/\"},{\"@type\":\"ListItem\",\"position\":2,\"name\":\"Pol\u00edtica de privacitat\"}]}]}<\/script>\n<!-- \/ Yoast SEO plugin. -->","yoast_head_json":{"title":"Pol\u00edtica de privacitat - grup gsr","robots":{"index":"index","follow":"follow","max-snippet":"max-snippet:-1","max-image-preview":"max-image-preview:large","max-video-preview":"max-video-preview:-1"},"canonical":"https:\/\/www.grupgsr.com\/ca\/politica-de-privacitat\/","og_locale":"en_US","og_type":"article","og_title":"Pol\u00edtica de privacitat - grup gsr","og_description":"Produccions de Gastronomia SL. (en endavant GRUP GSR) mitjan\u00e7ant la seva p\u00e0gina web www.grupgsr.com o qualsevol altre domini vinculat a aquesta, i de la seva titularitat, pot sol\u00b7licitar a l&#8217;Usuari...","og_url":"https:\/\/www.grupgsr.com\/ca\/politica-de-privacitat\/","og_site_name":"grup gsr","article_modified_time":"2020-03-26T16:37:17+00:00","twitter_card":"summary_large_image","twitter_misc":{"Est. reading time":"6 minutes"},"schema":{"@context":"https:\/\/schema.org","@graph":[{"@type":"WebSite","@id":"https:\/\/www.grupgsr.com\/#website","url":"https:\/\/www.grupgsr.com\/","name":"grup gsr","description":"Empresa de organizaci\u00f3n, promoci\u00f3n y comunicaci\u00f3n de la alimentaci\u00f3n, la hosteler\u00eda, la restauraci\u00f3n, la gastronom\u00eda y la enolog\u00eda.","potentialAction":[{"@type":"SearchAction","target":{"@type":"EntryPoint","urlTemplate":"https:\/\/www.grupgsr.com\/?s={search_term_string}"},"query-input":"required name=search_term_string"}],"inLanguage":"ca-CA"},{"@type":"WebPage","@id":"https:\/\/www.grupgsr.com\/ca\/politica-de-privacitat\/#webpage","url":"https:\/\/www.grupgsr.com\/ca\/politica-de-privacitat\/","name":"Pol\u00edtica de privacitat - grup gsr","isPartOf":{"@id":"https:\/\/www.grupgsr.com\/#website"},"datePublished":"2017-07-19T09:31:53+00:00","dateModified":"2020-03-26T16:37:17+00:00","breadcrumb":{"@id":"https:\/\/www.grupgsr.com\/ca\/politica-de-privacitat\/#breadcrumb"},"inLanguage":"ca-CA","potentialAction":[{"@type":"ReadAction","target":["https:\/\/www.grupgsr.com\/ca\/politica-de-privacitat\/"]}]},{"@type":"BreadcrumbList","@id":"https:\/\/www.grupgsr.com\/ca\/politica-de-privacitat\/#breadcrumb","itemListElement":[{"@type":"ListItem","position":1,"name":"Home","item":"https:\/\/ms-gastro.srv.vocento.in\/gsr2025\/ca\/"},{"@type":"ListItem","position":2,"name":"Pol\u00edtica de privacitat"}]}]}},"_links":{"self":[{"href":"https:\/\/www.grupgsr.com\/ca\/wp-json\/wp\/v2\/pages\/7103"}],"collection":[{"href":"https:\/\/www.grupgsr.com\/ca\/wp-json\/wp\/v2\/pages"}],"about":[{"href":"https:\/\/www.grupgsr.com\/ca\/wp-json\/wp\/v2\/types\/page"}],"author":[{"embeddable":true,"href":"https:\/\/www.grupgsr.com\/ca\/wp-json\/wp\/v2\/users\/1"}],"replies":[{"embeddable":true,"href":"https:\/\/www.grupgsr.com\/ca\/wp-json\/wp\/v2\/comments?post=7103"}],"version-history":[{"count":1,"href":"https:\/\/www.grupgsr.com\/ca\/wp-json\/wp\/v2\/pages\/7103\/revisions"}],"predecessor-version":[{"id":8728,"href":"https:\/\/www.grupgsr.com\/ca\/wp-json\/wp\/v2\/pages\/7103\/revisions\/8728"}],"wp:attachment":[{"href":"https:\/\/www.grupgsr.com\/ca\/wp-json\/wp\/v2\/media?parent=7103"}],"curies":[{"name":"wp","href":"https:\/\/api.w.org\/{rel}","templated":true}]}}